{"id":1678,"date":"2011-03-26T08:02:11","date_gmt":"2011-03-26T18:02:10","guid":{"rendered":"http:\/\/fricktaleroffiziere.ch\/?page_id=1678"},"modified":"2015-03-09T21:52:16","modified_gmt":"2015-03-09T19:52:16","slug":"statuten","status":"publish","type":"page","link":"https:\/\/fricktaleroffiziere.ch\/?page_id=1678","title":{"rendered":"Statuten"},"content":{"rendered":"<p><strong>der Fricktalischen Offiziersgesellschaft (FOG) <\/strong><\/p>\n<p><strong>1\u00a0\u00a0\u00a0\u00a0 Name und Sitz<\/strong><br \/>\nUnter dem Namen &#8220;Fricktalische Offiziersgesellschaft&#8221; (FOG) besteht ein Verein nach Art. 60 ff des Schweizerischen Zivilgesetzbuches mit Sitz in Rheinfelden.<\/p>\n<p><strong>2\u00a0\u00a0\u00a0\u00a0 Zweck<\/strong><sup><br \/>\n1<\/sup> Die FOG bezweckt die F\u00f6rderung der ausserdienstlichen milit\u00e4rischen Weiterbildung seiner Mitglieder, den fachlichen Austausch, die Pflege der Kameradschaft und soldatischer Gesinnung.<sup><br \/>\n2<\/sup> Die Gesellschaft ist politisch und konfessionell unabh\u00e4ngig.<sup><br \/>\n3<\/sup> Sie bildet eine Sektion der Aargauischen Offiziersgesellschaft.<\/p>\n<p><strong>3\u00a0\u00a0\u00a0\u00a0 Mitgliedschaft<\/strong><sup><br \/>\n1<\/sup> Als Mitglied des Vereins kann aufgenommen werden, wer eine Offiziersausbildung in der Schweizer Armee erfolgreich absolviert hat und einen Bezug zum Fricktal hat.<sup><br \/>\n2<\/sup> Die Mitgliedschaft endet durch Austritt, Ausschluss oder Tod.<sup><br \/>\n3<\/sup> Es bestehen folgende Mitgliederkategorien:<br \/>\n&#8211; Aktivmitglieder (mit Stimmrecht)<br \/>\n&#8211; G\u00f6nner (ohne Stimmrecht)<br \/>\n&#8211; Ehrenmitglieder (mit Stimmrecht)<\/p>\n<p><strong>4\u00a0\u00a0\u00a0\u00a0 Mittel<\/strong><sup><br \/>\n1<\/sup> Die Mittel des Vereins setzen sich zusammen aus den:<br \/>\n&#8211; von der Vereinsversammlung festgelegten Mitgliederbeitr\u00e4gen;<br \/>\n&#8211; freiwilligen Zuwendungen;<br \/>\n&#8211; Ertr\u00e4gen aus Verm\u00f6gen und Aktivit\u00e4ten des Vereins.<sup><br \/>\n2<\/sup> Aktivmitglieder, welche trotz einmaliger Mahnung den Mitgliederbeitrag nicht leisten, verlieren bis zur n\u00e4chsten Einzahlung ihr Stimmrecht.<sup><br \/>\n3<\/sup> Neumitglieder sind im Jahr ihres Beitritts von der Beitragspflicht entbunden.<sup><br \/>\n4<\/sup> Ehrenmitglieder sind von der Beitragspflicht entbunden.<\/p>\n<p>&nbsp;<\/p>\n<p><strong>5\u00a0\u00a0\u00a0\u00a0 Vereinsversammlung<\/strong><sup><br \/>\n1<\/sup> Die Vereinsversammlung findet einmal j\u00e4hrlich statt.<sup><br \/>\n2<\/sup> Der Vorstand l\u00e4dt auf einem im Gesch\u00e4ftsverkehr \u00fcblichen Weg (z.B. Brief, Fax, E-Mail o. \u00e4.) sp\u00e4testens f\u00fcnf Wochen vor der Versammlung die Mitglieder ein und stellt die Traktandenliste zusammen.<sup><br \/>\n3<\/sup> Antr\u00e4ge k\u00f6nnen bis zwei Wochen vor der Versammlung an den Vorstand eingereicht werden.<sup><br \/>\n4<\/sup> Die nicht \u00fcbertragbaren Aufgaben der Vereinsversammlung sind:<br \/>\n&#8211; Wahl des Pr\u00e4sidenten, der Vorstandsmitglieder und der Revisionsstelle;<br \/>\n&#8211; Genehmigung des Jahresberichtes, der Jahresrechnung sowie des Protokolls der letzten Vereinsversammlung;<br \/>\n&#8211; Entlastung des Vorstandes;<br \/>\n&#8211; Genehmigung des Budgets f\u00fcr das n\u00e4chste Vereinsjahr sowie Festlegung des Mitgliederbeitrages;<br \/>\n&#8211; Behandlung der Antr\u00e4ge des Vorstandes und von Mitgliedern zuhanden der Vereinsversammlung;<br \/>\n&#8211; Ernennung von Ehrenmitgliedern;<br \/>\n&#8211; \u00c4nderungen der Statuten;<br \/>\n&#8211; Aufl\u00f6sung des Vereins.<sup><br \/>\n5<\/sup> Sie fasst ihre Beschl\u00fcsse in offener Abstimmung mit dem einfachen Stimmenmehr der anwesenden Aktivmitglieder und Ehrenmitglieder, sofern kein anderes Quorum in diesen Statuten verlangt wird.<sup><br \/>\n6<\/sup> Bei Stimmengleichheit f\u00e4llt der Pr\u00e4sident den Stichentscheid.<sup><br \/>\n7<\/sup> Der Vorstand oder ein F\u00fcnftel der Mitglieder k\u00f6nnen eine ausserordentliche Vereinsversammlung einberufen.<\/p>\n<p>&nbsp;<\/p>\n<p><strong>6\u00a0\u00a0\u00a0\u00a0 Vorstand<\/strong><sup><br \/>\n1<\/sup> Der Vorstand besteht aus dem Pr\u00e4sidenten und mindestens zwei weiteren Mitgliedern.<sup><br \/>\n2<\/sup> Der Vorstand konstituiert sich selbst.<sup><br \/>\n3<\/sup> Die Wahl eines Vorstandsmitgliedes erfolgt mit dem absoluten Mehr der anwesenden Stimmen. Die Mitglieder des Vorstands sind jeweils f\u00fcr ein Jahr gew\u00e4hlt. Die Wiederwahl ist zul\u00e4ssig.<sup><br \/>\n4<\/sup> Der Vorstand hat folgende Aufgaben:<br \/>\n&#8211; Umsetzung des Vereinszweckes;<br \/>\n&#8211; Pr\u00e4sentation der kurz- und mittelfristigen Ziele und Massnahmen des Vorstandes anl\u00e4sslich der Vereinsversammlung;<br \/>\n&#8211; Erstellung eines j\u00e4hrlichen Budgets zuhanden der Vereinsversammlung und Antragstellung \u00fcber die H\u00f6he des Mitgliederbeitrages;<br \/>\n&#8211; Vollzug der Beschl\u00fcsse der Vereinsversammlung;<br \/>\n&#8211; Beschlussfassung in allen Angelegenheiten des Vereins, die nicht ausdr\u00fccklich der Vereinsversammlung \u00fcbertragen sind;<br \/>\n&#8211; Wahrung der Interessen des Vereins und dessen Vertretung nach aussen;<br \/>\n&#8211; Einberufung der Vereinsversammlung;<br \/>\n&#8211; Verf\u00fcgen von Ausschl\u00fcssen;<br \/>\n&#8211; Die administrative Gesch\u00e4ftsf\u00fchrung;<br \/>\n&#8211; Verfassen des Jahresberichts und des Rechnungsabschlusses;<br \/>\n&#8211; Verfassen von Protokollen der Vorstands- und Vereinsversammlungen.<sup><br \/>\n5<\/sup> Er bestimmt die Delegierten f\u00fcr die Vertretung des Vereins an den Delegiertenversammlungen der Aargauischen und Schweizerischen Offiziersgesellschaft.<sup><br \/>\n6<\/sup> Bei Stimmengleichheit f\u00e4llt der Pr\u00e4sident den Stichentscheid.<\/p>\n<p><strong>7\u00a0\u00a0\u00a0\u00a0 Revisionsstelle<\/strong><sup><br \/>\n1<\/sup> Die Revisionsstelle besteht aus zwei Mitgliedern.<sup><br \/>\n2<\/sup> Die Mitglieder der Revisionsstelle sind jeweils f\u00fcr zwei Jahre gew\u00e4hlt. Die Wiederwahl ist zul\u00e4ssig.<sup><br \/>\n3<\/sup> Die Revisionsstelle hat folgende Aufgaben:<br \/>\n&#8211; Pr\u00fcfung der Jahresrechnung und des Verm\u00f6gensnachweises (Bilanz);<br \/>\n&#8211; Schriftliche Berichterstattung.<\/p>\n<p>&nbsp;<\/p>\n<p><strong>8\u00a0\u00a0\u00a0\u00a0 Gesch\u00e4fts- und Rechnungsjahr<\/strong><br \/>\nDas Gesch\u00e4ftsjahr und das Rechnungsjahr beginnt am 1. Januar und endet am 31. Dezember.<\/p>\n<p>&nbsp;<\/p>\n<p><strong>9\u00a0\u00a0\u00a0\u00a0 Statuten\u00e4nderung<\/strong><sup><br \/>\n1<\/sup> Der Vorstand oder ein Mitglied kann einen Antrag auf \u00c4nderung der Statuten stellen.<sup><br \/>\n2<\/sup> \u00c4nderungen bed\u00fcrfen einer 2\/3-Mehrheit der anwesenden Vereinsmitglieder.<\/p>\n<p>&nbsp;<\/p>\n<p><strong>10\u00a0\u00a0\u00a0\u00a0 Aufl\u00f6sung des Vereins<\/strong><sup><br \/>\n1<\/sup> Der Verein darf nicht aufgel\u00f6st werden, solange 20 stimmberechtige Mitglieder das Fortbestehen verlangen und der Vorstand vollst\u00e4ndig besetzt werden kann.<sup><br \/>\n2<\/sup> \u00dcber die Verwendung des Vereinsverm\u00f6gens bei Aufl\u00f6sung entscheidet die Vereinsversammlung mit 2\/3-Mehrheit.<\/p>\n<p>&nbsp;<\/p>\n<p><strong>11\u00a0\u00a0\u00a0\u00a0 Inkrafttreten<\/strong><sup><br \/>\n1<\/sup> Die vorliegenden Statuten ersetzen die Statuten vom 6. Mai 1966 und wurden an der ordentlichen Vereinsversammlung vom 25.03.2011 angenommen.<sup><br \/>\n2<\/sup> Sie treten sofort in Kraft und wurden durch die Pr\u00e4sidentenkonferenz der AOG vom 08.06.2011 genehmigt.<\/p>\n<p><strong>Fricktalische Offiziersgesellschaft<\/strong><br \/>\nRheinfelden, 25.03.2011<\/p>\n<p>***<\/p>\n<p><a href=\"http:\/\/fricktaleroffiziere.ch\/wp-content\/uploads\/2015\/03\/FOG-Statuten.pdf\" target=\"_blank\">Statuten als PDF<\/a><\/p>\n","protected":false},"excerpt":{"rendered":"<p>der Fricktalischen Offiziersgesellschaft (FOG) 1\u00a0\u00a0\u00a0\u00a0 Name und Sitz Unter dem Namen &#8220;Fricktalische Offiziersgesellschaft&#8221; (FOG) besteht ein Verein nach Art. 60 ff des Schweizerischen Zivilgesetzbuches mit Sitz in Rheinfelden. 2\u00a0\u00a0\u00a0\u00a0 Zweck 1 Die FOG bezweckt die F\u00f6rderung der ausserdienstlichen milit\u00e4rischen Weiterbildung &hellip; <a href=\"https:\/\/fricktaleroffiziere.ch\/?page_id=1678\">Weiterlesen <span class=\"meta-nav\">&rarr;<\/span><\/a><\/p>\n","protected":false},"author":28,"featured_media":0,"parent":3,"menu_order":1,"comment_status":"open","ping_status":"open","template":"","meta":{"_monsterinsights_skip_tracking":false,"_monsterinsights_sitenote_active":false,"_monsterinsights_sitenote_note":"","_monsterinsights_sitenote_category":0,"_s2mail":"no","footnotes":""},"class_list":["post-1678","page","type-page","status-publish","hentry"],"_links":{"self":[{"href":"https:\/\/fricktaleroffiziere.ch\/index.php?rest_route=\/wp\/v2\/pages\/1678","targetHints":{"allow":["GET"]}}],"collection":[{"href":"https:\/\/fricktaleroffiziere.ch\/index.php?rest_route=\/wp\/v2\/pages"}],"about":[{"href":"https:\/\/fricktaleroffiziere.ch\/index.php?rest_route=\/wp\/v2\/types\/page"}],"author":[{"embeddable":true,"href":"https:\/\/fricktaleroffiziere.ch\/index.php?rest_route=\/wp\/v2\/users\/28"}],"replies":[{"embeddable":true,"href":"https:\/\/fricktaleroffiziere.ch\/index.php?rest_route=%2Fwp%2Fv2%2Fcomments&post=1678"}],"version-history":[{"count":10,"href":"https:\/\/fricktaleroffiziere.ch\/index.php?rest_route=\/wp\/v2\/pages\/1678\/revisions"}],"predecessor-version":[{"id":4106,"href":"https:\/\/fricktaleroffiziere.ch\/index.php?rest_route=\/wp\/v2\/pages\/1678\/revisions\/4106"}],"up":[{"embeddable":true,"href":"https:\/\/fricktaleroffiziere.ch\/index.php?rest_route=\/wp\/v2\/pages\/3"}],"wp:attachment":[{"href":"https:\/\/fricktaleroffiziere.ch\/index.php?rest_route=%2Fwp%2Fv2%2Fmedia&parent=1678"}],"curies":[{"name":"wp","href":"https:\/\/api.w.org\/{rel}","templated":true}]}}