{"id":481,"date":"2010-06-05T21:38:00","date_gmt":"2010-06-05T20:38:00","guid":{"rendered":"http:\/\/fricktaleroffiziere.ch\/?page_id=481"},"modified":"2023-05-03T14:17:22","modified_gmt":"2023-05-03T13:17:22","slug":"vorstand","status":"publish","type":"page","link":"https:\/\/fricktaleroffiziere.ch\/?page_id=481","title":{"rendered":"Vorstand"},"content":{"rendered":"<h2>Der Vorstand ab VV 2022<\/h2>\n<p>Oblt Markus Liebi<br \/>\nPr\u00e4sident<br \/>\n<a href=\"mailto:info@fricktaleroffiziere.ch\">info@fricktaleroffiziere.ch<\/a><\/p>\n<p>Maj Michel Ingold<br \/>\nChef Aktivit\u00e4ten\/Vizepr\u00e4sident<br \/>\noperationen@fricktaleroffiziere.ch<\/p>\n<p>Maj a D Andr\u00e9 Zumsteg<br \/>\nMitgliederwesen<br \/>\nadressen@fricktaleroffiziere.ch<\/p>\n<p>Hptm Andreas B\u00fcrgi<br \/>\nKassier<br \/>\nkassier@fricktaleroffiziere.ch<\/p>\n<p>Oblt a D Stephan Benz<br \/>\nAktuar<br \/>\nadj@fricktaleroffiziere.ch<\/p>\n<p>Lt Simon Bussinger<br \/>\nBeisitzer<\/p>\n<h2>Ehemaliger Vorstand<\/h2>\n<p>Der Vorstand <strong>2018\/2019<\/strong>\u00a0der Fricktalischen Offiziersgesellschaft:<br \/>\nMarkus Liebi, Michel Ingold, Bruno T\u00fcscher, Andr\u00e9 Zumsteg, Stephan Benz, Marvin Gorkiewicz<\/p>\n<p>Der Vorstand <strong>2017\/2018<\/strong>\u00a0der Fricktalischen Offiziersgesellschaft:<\/p>\n<div id=\"attachment_4918\" style=\"width: 650px\" class=\"wp-caption aligncenter\"><a href=\"http:\/\/fricktaleroffiziere.ch\/wp-content\/uploads\/2010\/06\/2017-Vorstand.jpg\"><img loading=\"lazy\" decoding=\"async\" aria-describedby=\"caption-attachment-4918\" class=\"wp-image-4918 size-large\" src=\"http:\/\/fricktaleroffiziere.ch\/wp-content\/uploads\/2010\/06\/2017-Vorstand-1024x768.jpg\" alt=\"\" width=\"640\" height=\"480\" srcset=\"https:\/\/fricktaleroffiziere.ch\/wp-content\/uploads\/2010\/06\/2017-Vorstand-1024x768.jpg 1024w, https:\/\/fricktaleroffiziere.ch\/wp-content\/uploads\/2010\/06\/2017-Vorstand-300x225.jpg 300w, https:\/\/fricktaleroffiziere.ch\/wp-content\/uploads\/2010\/06\/2017-Vorstand-768x576.jpg 768w\" sizes=\"auto, (max-width: 640px) 100vw, 640px\" \/><\/a><p id=\"caption-attachment-4918\" class=\"wp-caption-text\">v.l.n.r.: Bruno T\u00fcscher, Andr\u00e9 Zumsteg, Michel Ingold, Markus Liebi, Dimitrios Papadopoulos, Marvin Gorkiewicz<\/p><\/div>\n<p>Der Vorstand <strong>2016\/2017<\/strong> der Fricktalischen Offiziersgesellschaft:<\/p>\n<div id=\"attachment_4698\" style=\"width: 1662px\" class=\"wp-caption aligncenter\"><img loading=\"lazy\" decoding=\"async\" aria-describedby=\"caption-attachment-4698\" class=\"wp-image-4698 size-full\" src=\"http:\/\/fricktaleroffiziere.ch\/wp-content\/uploads\/2010\/06\/2016_Vorstand.png\" width=\"1652\" height=\"1108\" srcset=\"https:\/\/fricktaleroffiziere.ch\/wp-content\/uploads\/2010\/06\/2016_Vorstand.png 1652w, https:\/\/fricktaleroffiziere.ch\/wp-content\/uploads\/2010\/06\/2016_Vorstand-300x201.png 300w, https:\/\/fricktaleroffiziere.ch\/wp-content\/uploads\/2010\/06\/2016_Vorstand-768x515.png 768w, https:\/\/fricktaleroffiziere.ch\/wp-content\/uploads\/2010\/06\/2016_Vorstand-1024x687.png 1024w\" sizes=\"auto, (max-width: 1652px) 100vw, 1652px\" \/><p id=\"caption-attachment-4698\" class=\"wp-caption-text\">v.l.n.r.: Andr\u00e9 Zumsteg, Michel Ingold, Marvin Gorkiewicz, Markus M. M\u00fcller, Stephan Benz, Dimitrios Papadopoulos<\/p><\/div>\n<p>Der Vorstand <strong>2015\/2016<\/strong> der Fricktalischen Offiziersgesellschaft:<\/p>\n<div id=\"attachment_4390\" style=\"width: 585px\" class=\"wp-caption alignleft\"><img loading=\"lazy\" decoding=\"async\" aria-describedby=\"caption-attachment-4390\" class=\"wp-image-4390 \" src=\"http:\/\/fricktaleroffiziere.ch\/wp-content\/uploads\/2016\/01\/20160106-Vorstand.png\" alt=\"FOG Vorstand 2015\" width=\"575\" height=\"244\" srcset=\"https:\/\/fricktaleroffiziere.ch\/wp-content\/uploads\/2016\/01\/20160106-Vorstand.png 1734w, https:\/\/fricktaleroffiziere.ch\/wp-content\/uploads\/2016\/01\/20160106-Vorstand-300x127.png 300w, https:\/\/fricktaleroffiziere.ch\/wp-content\/uploads\/2016\/01\/20160106-Vorstand-768x325.png 768w, https:\/\/fricktaleroffiziere.ch\/wp-content\/uploads\/2016\/01\/20160106-Vorstand-1024x433.png 1024w\" sizes=\"auto, (max-width: 575px) 100vw, 575px\" \/><p id=\"caption-attachment-4390\" class=\"wp-caption-text\">v.l.n.r.: Stephan Benz, Michel Ingold, Daniel Laube, Markus M. M\u00fcller, Andr\u00e9 Zumsteg, Marvin Gorkiewicz<\/p><\/div>\n","protected":false},"excerpt":{"rendered":"<p>Der Vorstand ab VV 2022 Oblt Markus Liebi Pr\u00e4sident info@fricktaleroffiziere.ch Maj Michel Ingold Chef Aktivit\u00e4ten\/Vizepr\u00e4sident operationen@fricktaleroffiziere.ch Maj a D Andr\u00e9 Zumsteg Mitgliederwesen adressen@fricktaleroffiziere.ch Hptm Andreas B\u00fcrgi Kassier kassier@fricktaleroffiziere.ch Oblt a D Stephan Benz Aktuar adj@fricktaleroffiziere.ch Lt Simon Bussinger Beisitzer Ehemaliger &hellip; <a href=\"https:\/\/fricktaleroffiziere.ch\/?page_id=481\">Weiterlesen <span class=\"meta-nav\">&rarr;<\/span><\/a><\/p>\n","protected":false},"author":28,"featured_media":0,"parent":3,"menu_order":1,"comment_status":"closed","ping_status":"closed","template":"","meta":{"_monsterinsights_skip_tracking":false,"_monsterinsights_sitenote_active":false,"_monsterinsights_sitenote_note":"","_monsterinsights_sitenote_category":0,"_s2mail":"yes","footnotes":""},"class_list":["post-481","page","type-page","status-publish","hentry"],"_links":{"self":[{"href":"https:\/\/fricktaleroffiziere.ch\/index.php?rest_route=\/wp\/v2\/pages\/481","targetHints":{"allow":["GET"]}}],"collection":[{"href":"https:\/\/fricktaleroffiziere.ch\/index.php?rest_route=\/wp\/v2\/pages"}],"about":[{"href":"https:\/\/fricktaleroffiziere.ch\/index.php?rest_route=\/wp\/v2\/types\/page"}],"author":[{"embeddable":true,"href":"https:\/\/fricktaleroffiziere.ch\/index.php?rest_route=\/wp\/v2\/users\/28"}],"replies":[{"embeddable":true,"href":"https:\/\/fricktaleroffiziere.ch\/index.php?rest_route=%2Fwp%2Fv2%2Fcomments&post=481"}],"version-history":[{"count":35,"href":"https:\/\/fricktaleroffiziere.ch\/index.php?rest_route=\/wp\/v2\/pages\/481\/revisions"}],"predecessor-version":[{"id":7468,"href":"https:\/\/fricktaleroffiziere.ch\/index.php?rest_route=\/wp\/v2\/pages\/481\/revisions\/7468"}],"up":[{"embeddable":true,"href":"https:\/\/fricktaleroffiziere.ch\/index.php?rest_route=\/wp\/v2\/pages\/3"}],"wp:attachment":[{"href":"https:\/\/fricktaleroffiziere.ch\/index.php?rest_route=%2Fwp%2Fv2%2Fmedia&parent=481"}],"curies":[{"name":"wp","href":"https:\/\/api.w.org\/{rel}","templated":true}]}}