{"id":486,"date":"2010-06-04T21:41:36","date_gmt":"2010-06-04T20:41:36","guid":{"rendered":"http:\/\/fricktaleroffiziere.ch\/?page_id=486"},"modified":"2017-03-07T10:58:00","modified_gmt":"2017-03-07T09:58:00","slug":"kontakt","status":"publish","type":"page","link":"https:\/\/fricktaleroffiziere.ch\/?page_id=486","title":{"rendered":"Kontakt"},"content":{"rendered":"<p>Unsere Postadresse:<\/p>\n<p style=\"padding-left: 30px;\"><strong>Fricktalische Offiziersgesellschaft (FOG<\/strong>)<br \/>\n<strong>4310 Rheinfelden<\/strong><\/p>\n<p>Sie erreichen den Pr\u00e4sidenten unter<\/p>\n<ul>\n<li>E-Mail: <a href=\"mailto:info@fricktaleroffiziere.ch\">info@fricktaleroffiziere.ch<\/a><\/li>\n<li>Telefon: <a href=\"callto:+41794879137\">079 487 91 37<\/a><\/li>\n<\/ul>\n<p><strong>Weiterverwendung<\/strong>: Alle Beitr\u00e4ge d\u00fcrfen unter Angabe der Quelle (&#8220;Fricktalische Offiziersgesellschaft&#8221;, &#8220;FOG&#8221;, &#8220;fricktaleroffiziere.ch&#8221; oder vollst\u00e4ndiger Permalink) und allenfalls des Autors weiterverbreitet und in anderen Medien publiziert werden. Wir danken Ihnen f\u00fcr einen kurzen Hinweis auf die Ver\u00f6ffentlichung.<\/p>\n","protected":false},"excerpt":{"rendered":"<p>Unsere Postadresse: Fricktalische Offiziersgesellschaft (FOG) 4310 Rheinfelden Sie erreichen den Pr\u00e4sidenten unter E-Mail: info@fricktaleroffiziere.ch Telefon: 079 487 91 37 Weiterverwendung: Alle Beitr\u00e4ge d\u00fcrfen unter Angabe der Quelle (&#8220;Fricktalische Offiziersgesellschaft&#8221;, &#8220;FOG&#8221;, &#8220;fricktaleroffiziere.ch&#8221; oder vollst\u00e4ndiger Permalink) und allenfalls des Autors weiterverbreitet und &hellip; <a href=\"https:\/\/fricktaleroffiziere.ch\/?page_id=486\">Weiterlesen <span class=\"meta-nav\">&rarr;<\/span><\/a><\/p>\n","protected":false},"author":28,"featured_media":0,"parent":0,"menu_order":9,"comment_status":"closed","ping_status":"open","template":"","meta":{"_monsterinsights_skip_tracking":false,"_monsterinsights_sitenote_active":false,"_monsterinsights_sitenote_note":"","_monsterinsights_sitenote_category":0,"_s2mail":"yes","footnotes":""},"class_list":["post-486","page","type-page","status-publish","hentry"],"_links":{"self":[{"href":"https:\/\/fricktaleroffiziere.ch\/index.php?rest_route=\/wp\/v2\/pages\/486","targetHints":{"allow":["GET"]}}],"collection":[{"href":"https:\/\/fricktaleroffiziere.ch\/index.php?rest_route=\/wp\/v2\/pages"}],"about":[{"href":"https:\/\/fricktaleroffiziere.ch\/index.php?rest_route=\/wp\/v2\/types\/page"}],"author":[{"embeddable":true,"href":"https:\/\/fricktaleroffiziere.ch\/index.php?rest_route=\/wp\/v2\/users\/28"}],"replies":[{"embeddable":true,"href":"https:\/\/fricktaleroffiziere.ch\/index.php?rest_route=%2Fwp%2Fv2%2Fcomments&post=486"}],"version-history":[{"count":6,"href":"https:\/\/fricktaleroffiziere.ch\/index.php?rest_route=\/wp\/v2\/pages\/486\/revisions"}],"predecessor-version":[{"id":4774,"href":"https:\/\/fricktaleroffiziere.ch\/index.php?rest_route=\/wp\/v2\/pages\/486\/revisions\/4774"}],"wp:attachment":[{"href":"https:\/\/fricktaleroffiziere.ch\/index.php?rest_route=%2Fwp%2Fv2%2Fmedia&parent=486"}],"curies":[{"name":"wp","href":"https:\/\/api.w.org\/{rel}","templated":true}]}}