{"id":7202,"date":"2020-12-13T16:34:09","date_gmt":"2020-12-13T15:34:09","guid":{"rendered":"http:\/\/fricktaleroffiziere.ch\/?page_id=7202"},"modified":"2022-01-30T22:42:56","modified_gmt":"2022-01-30T21:42:56","slug":"sicherheitspolitische-wochenschau","status":"publish","type":"page","link":"https:\/\/fricktaleroffiziere.ch\/?page_id=7202","title":{"rendered":"Sicherheitspolitische Wochenschau"},"content":{"rendered":"\n<p>Zwischen dem Fr\u00fchling 2014 und Januar 2022 publizierte die FOG die &#8220;Sicherheitspolitische Wochenschau&#8221;, in der auf \u00f6ffentlich zug\u00e4ngliche Artikel im Internet verwiesen wird. Das Ziel war es, den interessierten Personen einen Blick auf sicherheits- und geopolitische bzw. -strategische Aspekte zu erm\u00f6glichen, welche fernab der t\u00e4glich konsumierten &#8220;Mainstream-Medien&#8221; publiziert werden. <\/p>\n\n\n\n<p>Redaktor des Newsletters war Oberstlt i Gst Markus M. M\u00fcller, ehem. Pr\u00e4sident der FOG. <\/p>\n\n\n\n<p>Der Newsletter war kostenlos.<\/p>\n\n\n\n<p>Der Dienst kann weiterhin abgerufen und abonniert werden unter <a href=\"https:\/\/audiaturetalterapars.ch\/\">https:\/\/audiaturetalterapars.ch\/<\/a><\/p>\n\n\n\n<hr class=\"wp-block-separator is-style-wide\"\/>\n\n\n\n<p><strong>Archiv<\/strong><\/p>\n\n\n\n<style type=\"text\/css\">\n<!--\n.display_archive {font-family: arial,verdana; font-size: 12px;}\n.campaign {line-height: 125%; margin: 5px;}\n\/\/-->\n<\/style>\n\n\n\n<script language=\"javascript\" src=\"\/\/netmex.us6.list-manage.com\/generate-js\/?u=1748f227ce5f6d94a647645c5&amp;fid=7361&amp;show=10\" type=\"text\/javascript\"><\/script>\n","protected":false},"excerpt":{"rendered":"<p>Zwischen dem Fr\u00fchling 2014 und Januar 2022 publizierte die FOG die &#8220;Sicherheitspolitische Wochenschau&#8221;, in der auf \u00f6ffentlich zug\u00e4ngliche Artikel im Internet verwiesen wird. Das Ziel war es, den interessierten Personen einen Blick auf sicherheits- und geopolitische bzw. -strategische Aspekte zu &hellip; <a href=\"https:\/\/fricktaleroffiziere.ch\/?page_id=7202\">Weiterlesen <span class=\"meta-nav\">&rarr;<\/span><\/a><\/p>\n","protected":false},"author":28,"featured_media":0,"parent":0,"menu_order":0,"comment_status":"closed","ping_status":"closed","template":"","meta":{"_monsterinsights_skip_tracking":false,"_monsterinsights_sitenote_active":false,"_monsterinsights_sitenote_note":"","_monsterinsights_sitenote_category":0,"_s2mail":"yes","footnotes":""},"class_list":["post-7202","page","type-page","status-publish","hentry"],"_links":{"self":[{"href":"https:\/\/fricktaleroffiziere.ch\/index.php?rest_route=\/wp\/v2\/pages\/7202","targetHints":{"allow":["GET"]}}],"collection":[{"href":"https:\/\/fricktaleroffiziere.ch\/index.php?rest_route=\/wp\/v2\/pages"}],"about":[{"href":"https:\/\/fricktaleroffiziere.ch\/index.php?rest_route=\/wp\/v2\/types\/page"}],"author":[{"embeddable":true,"href":"https:\/\/fricktaleroffiziere.ch\/index.php?rest_route=\/wp\/v2\/users\/28"}],"replies":[{"embeddable":true,"href":"https:\/\/fricktaleroffiziere.ch\/index.php?rest_route=%2Fwp%2Fv2%2Fcomments&post=7202"}],"version-history":[{"count":8,"href":"https:\/\/fricktaleroffiziere.ch\/index.php?rest_route=\/wp\/v2\/pages\/7202\/revisions"}],"predecessor-version":[{"id":7367,"href":"https:\/\/fricktaleroffiziere.ch\/index.php?rest_route=\/wp\/v2\/pages\/7202\/revisions\/7367"}],"wp:attachment":[{"href":"https:\/\/fricktaleroffiziere.ch\/index.php?rest_route=%2Fwp%2Fv2%2Fmedia&parent=7202"}],"curies":[{"name":"wp","href":"https:\/\/api.w.org\/{rel}","templated":true}]}}